{"id":283,"date":"2023-06-15T15:04:13","date_gmt":"2023-06-15T15:04:13","guid":{"rendered":"https:\/\/fans-guru.com\/?page_id=283"},"modified":"2023-07-04T14:24:43","modified_gmt":"2023-07-04T14:24:43","slug":"blog","status":"publish","type":"page","link":"https:\/\/fans-guru.com\/fr_fr\/blog\/","title":{"rendered":"Blog"},"content":{"rendered":"\t\t<div data-elementor-type=\"wp-page\" data-elementor-id=\"283\" class=\"elementor elementor-283\" data-elementor-post-type=\"page\">\n\t\t\t\t\t\t<section class=\"elementor-section elementor-top-section elementor-element elementor-element-716eff51 elementor-section-boxed elementor-section-height-default elementor-section-height-default\" data-id=\"716eff51\" data-element_type=\"section\" data-settings=\"{&quot;background_background&quot;:&quot;gradient&quot;}\">\n\t\t\t\t\t\t<div class=\"elementor-container elementor-column-gap-default\">\n\t\t\t\t\t<div class=\"elementor-column elementor-col-100 elementor-top-column elementor-element elementor-element-5ac73e34\" data-id=\"5ac73e34\" data-element_type=\"column\">\n\t\t\t<div class=\"elementor-widget-wrap elementor-element-populated\">\n\t\t\t\t\t\t<section class=\"elementor-section elementor-inner-section elementor-element elementor-element-19947063 elementor-section-boxed elementor-section-height-default elementor-section-height-default\" data-id=\"19947063\" data-element_type=\"section\">\n\t\t\t\t\t\t<div class=\"elementor-container elementor-column-gap-default\">\n\t\t\t\t\t<div class=\"elementor-column elementor-col-100 elementor-inner-column elementor-element elementor-element-5c1e66a8\" data-id=\"5c1e66a8\" data-element_type=\"column\">\n\t\t\t<div class=\"elementor-widget-wrap elementor-element-populated\">\n\t\t\t\t\t\t<div class=\"elementor-element elementor-element-3bf0c7e1 elementor-invisible elementor-widget elementor-widget-heading\" data-id=\"3bf0c7e1\" data-element_type=\"widget\" data-settings=\"{&quot;_animation&quot;:&quot;fadeInUp&quot;}\" data-widget_type=\"heading.default\">\n\t\t\t\t<div class=\"elementor-widget-container\">\n\t\t\t\t\t<h1 class=\"elementor-heading-title elementor-size-default\">Blog : les derni\u00e8res news<\/h1>\t\t\t\t<\/div>\n\t\t\t\t<\/div>\n\t\t\t\t\t<\/div>\n\t\t<\/div>\n\t\t\t\t\t<\/div>\n\t\t<\/section>\n\t\t\t\t\t<\/div>\n\t\t<\/div>\n\t\t\t\t\t<\/div>\n\t\t<\/section>\n\t\t\t\t<section class=\"elementor-section elementor-top-section elementor-element elementor-element-59cacee6 elementor-section-boxed elementor-section-height-default elementor-section-height-default\" data-id=\"59cacee6\" data-element_type=\"section\">\n\t\t\t\t\t\t<div class=\"elementor-container elementor-column-gap-default\">\n\t\t\t\t\t<div class=\"elementor-column elementor-col-100 elementor-top-column elementor-element elementor-element-630b1135\" data-id=\"630b1135\" data-element_type=\"column\">\n\t\t\t<div class=\"elementor-widget-wrap elementor-element-populated\">\n\t\t\t\t\t\t<div class=\"elementor-element elementor-element-20835c4 elementor-grid-3 elementor-grid-tablet-2 elementor-grid-mobile-1 elementor-posts--thumbnail-top elementor-card-shadow-yes elementor-posts__hover-gradient elementor-widget elementor-widget-posts\" data-id=\"20835c4\" data-element_type=\"widget\" data-settings=\"{&quot;cards_masonry&quot;:&quot;yes&quot;,&quot;pagination_type&quot;:&quot;load_more_infinite_scroll&quot;,&quot;cards_columns&quot;:&quot;3&quot;,&quot;cards_columns_tablet&quot;:&quot;2&quot;,&quot;cards_columns_mobile&quot;:&quot;1&quot;,&quot;cards_row_gap&quot;:{&quot;unit&quot;:&quot;px&quot;,&quot;size&quot;:35,&quot;sizes&quot;:[]},&quot;cards_row_gap_tablet&quot;:{&quot;unit&quot;:&quot;px&quot;,&quot;size&quot;:&quot;&quot;,&quot;sizes&quot;:[]},&quot;cards_row_gap_mobile&quot;:{&quot;unit&quot;:&quot;px&quot;,&quot;size&quot;:&quot;&quot;,&quot;sizes&quot;:[]},&quot;load_more_spinner&quot;:{&quot;value&quot;:&quot;fas fa-spinner&quot;,&quot;library&quot;:&quot;fa-solid&quot;}}\" data-widget_type=\"posts.cards\">\n\t\t\t\t<div class=\"elementor-widget-container\">\n\t\t\t\t\t\t\t<div class=\"elementor-posts-container elementor-posts elementor-posts--skin-cards elementor-grid\" role=\"list\">\n\t\t\t\t<article class=\"elementor-post elementor-grid-item post-2434 post type-post status-publish format-standard has-post-thumbnail hentry category-articles\" role=\"listitem\">\n\t\t\t<div class=\"elementor-post__card\">\n\t\t\t\t<a class=\"elementor-post__thumbnail__link\" href=\"https:\/\/fans-guru.com\/fr_fr\/blog\/onlyfans-impots-france\/\" tabindex=\"-1\" ><div class=\"elementor-post__thumbnail\"><img fetchpriority=\"high\" decoding=\"async\" width=\"300\" height=\"168\" src=\"https:\/\/fans-guru.com\/wp-content\/uploads\/2026\/03\/onlyfans-impots-france-1772742601738-300x168.webp\" class=\"attachment-medium size-medium wp-image-2436\" alt=\"\" srcset=\"https:\/\/fans-guru.com\/wp-content\/uploads\/2026\/03\/onlyfans-impots-france-1772742601738-300x168.webp 300w, https:\/\/fans-guru.com\/wp-content\/uploads\/2026\/03\/onlyfans-impots-france-1772742601738-1024x572.webp 1024w, https:\/\/fans-guru.com\/wp-content\/uploads\/2026\/03\/onlyfans-impots-france-1772742601738-768x429.webp 768w, https:\/\/fans-guru.com\/wp-content\/uploads\/2026\/03\/onlyfans-impots-france-1772742601738-18x10.webp 18w, https:\/\/fans-guru.com\/wp-content\/uploads\/2026\/03\/onlyfans-impots-france-1772742601738.webp 1200w\" sizes=\"(max-width: 300px) 100vw, 300px\" \/><\/div><\/a>\n\t\t\t\t<div class=\"elementor-post__text\">\n\t\t\t\t<h3 class=\"elementor-post__title\">\n\t\t\t<a href=\"https:\/\/fans-guru.com\/fr_fr\/blog\/onlyfans-impots-france\/\" >\n\t\t\t\tOnlyFans et imp\u00f4ts en France : le guide sans prise de t\u00eate\t\t\t<\/a>\n\t\t<\/h3>\n\t\t\t\t<div class=\"elementor-post__excerpt\">\n\t\t\t<p>Tu gagnes de l&rsquo;argent sur OnlyFans ? Voil\u00e0 comment d\u00e9clarer tes revenus, choisir ton statut, et \u00e9viter les emmerdes avec le fisc. Guide pratique 2026.<\/p>\n\t\t<\/div>\n\t\t\n\t\t<a class=\"elementor-post__read-more\" href=\"https:\/\/fans-guru.com\/fr_fr\/blog\/onlyfans-impots-france\/\" aria-label=\"En savoir plus sur OnlyFans et imp\u00f4ts en France : le guide sans prise de t\u00eate\" tabindex=\"-1\" >\n\t\t\tVoir l'article \u00bb\t\t<\/a>\n\n\t\t\t\t<\/div>\n\t\t\t\t<div class=\"elementor-post__meta-data\">\n\t\t\t\t\t<span class=\"elementor-post-date\">\n\t\t\t5 mars 2026\t\t<\/span>\n\t\t\t\t<\/div>\n\t\t\t\t\t<\/div>\n\t\t<\/article>\n\t\t\t\t<article class=\"elementor-post elementor-grid-item post-2428 post type-post status-publish format-standard has-post-thumbnail hentry category-articles\" role=\"listitem\">\n\t\t\t<div class=\"elementor-post__card\">\n\t\t\t\t<a class=\"elementor-post__thumbnail__link\" href=\"https:\/\/fans-guru.com\/fr_fr\/blog\/onlyfans-tiktok-promotion\/\" tabindex=\"-1\" ><div class=\"elementor-post__thumbnail\"><img decoding=\"async\" width=\"300\" height=\"168\" src=\"https:\/\/fans-guru.com\/wp-content\/uploads\/2026\/03\/ext_1772742369139-300x168.webp\" class=\"attachment-medium size-medium wp-image-2430\" alt=\"\" srcset=\"https:\/\/fans-guru.com\/wp-content\/uploads\/2026\/03\/ext_1772742369139-300x168.webp 300w, https:\/\/fans-guru.com\/wp-content\/uploads\/2026\/03\/ext_1772742369139-1024x572.webp 1024w, https:\/\/fans-guru.com\/wp-content\/uploads\/2026\/03\/ext_1772742369139-768x429.webp 768w, https:\/\/fans-guru.com\/wp-content\/uploads\/2026\/03\/ext_1772742369139-18x10.webp 18w, https:\/\/fans-guru.com\/wp-content\/uploads\/2026\/03\/ext_1772742369139.webp 1200w\" sizes=\"(max-width: 300px) 100vw, 300px\" \/><\/div><\/a>\n\t\t\t\t<div class=\"elementor-post__text\">\n\t\t\t\t<h3 class=\"elementor-post__title\">\n\t\t\t<a href=\"https:\/\/fans-guru.com\/fr_fr\/blog\/onlyfans-tiktok-promotion\/\" >\n\t\t\t\tOnlyfans Tiktok Promotion\t\t\t<\/a>\n\t\t<\/h3>\n\t\t\t\t<div class=\"elementor-post__excerpt\">\n\t\t\t<p>D\u00e9couvrez tout sur onlyfans tiktok promotion. Guide complet avec conseils pratiques, exemples et astuces pour r\u00e9ussir.<\/p>\n\t\t<\/div>\n\t\t\n\t\t<a class=\"elementor-post__read-more\" href=\"https:\/\/fans-guru.com\/fr_fr\/blog\/onlyfans-tiktok-promotion\/\" aria-label=\"En savoir plus sur Onlyfans Tiktok Promotion\" tabindex=\"-1\" >\n\t\t\tVoir l'article \u00bb\t\t<\/a>\n\n\t\t\t\t<\/div>\n\t\t\t\t<div class=\"elementor-post__meta-data\">\n\t\t\t\t\t<span class=\"elementor-post-date\">\n\t\t\t5 mars 2026\t\t<\/span>\n\t\t\t\t<\/div>\n\t\t\t\t\t<\/div>\n\t\t<\/article>\n\t\t\t\t<article class=\"elementor-post elementor-grid-item post-2421 post type-post status-publish format-standard has-post-thumbnail hentry category-articles\" role=\"listitem\">\n\t\t\t<div class=\"elementor-post__card\">\n\t\t\t\t<a class=\"elementor-post__thumbnail__link\" href=\"https:\/\/fans-guru.com\/fr_fr\/blog\/onlyfans-twitter-strategie\/\" tabindex=\"-1\" ><div class=\"elementor-post__thumbnail\"><img decoding=\"async\" width=\"300\" height=\"168\" src=\"https:\/\/fans-guru.com\/wp-content\/uploads\/2026\/03\/ext_1772739781780-300x168.webp\" class=\"attachment-medium size-medium wp-image-2423\" alt=\"\" srcset=\"https:\/\/fans-guru.com\/wp-content\/uploads\/2026\/03\/ext_1772739781780-300x168.webp 300w, https:\/\/fans-guru.com\/wp-content\/uploads\/2026\/03\/ext_1772739781780-1024x572.webp 1024w, https:\/\/fans-guru.com\/wp-content\/uploads\/2026\/03\/ext_1772739781780-768x429.webp 768w, https:\/\/fans-guru.com\/wp-content\/uploads\/2026\/03\/ext_1772739781780-18x10.webp 18w, https:\/\/fans-guru.com\/wp-content\/uploads\/2026\/03\/ext_1772739781780.webp 1200w\" sizes=\"(max-width: 300px) 100vw, 300px\" \/><\/div><\/a>\n\t\t\t\t<div class=\"elementor-post__text\">\n\t\t\t\t<h3 class=\"elementor-post__title\">\n\t\t\t<a href=\"https:\/\/fans-guru.com\/fr_fr\/blog\/onlyfans-twitter-strategie\/\" >\n\t\t\t\tOnlyfans Twitter Strat\u00e9gie\t\t\t<\/a>\n\t\t<\/h3>\n\t\t\t\t<div class=\"elementor-post__excerpt\">\n\t\t\t<p>D\u00e9couvrez tout sur onlyfans twitter strat\u00e9gie. Guide complet avec conseils pratiques, exemples et astuces pour r\u00e9ussir.<\/p>\n\t\t<\/div>\n\t\t\n\t\t<a class=\"elementor-post__read-more\" href=\"https:\/\/fans-guru.com\/fr_fr\/blog\/onlyfans-twitter-strategie\/\" aria-label=\"En savoir plus sur Onlyfans Twitter Strat\u00e9gie\" tabindex=\"-1\" >\n\t\t\tVoir l'article \u00bb\t\t<\/a>\n\n\t\t\t\t<\/div>\n\t\t\t\t<div class=\"elementor-post__meta-data\">\n\t\t\t\t\t<span class=\"elementor-post-date\">\n\t\t\t5 mars 2026\t\t<\/span>\n\t\t\t\t<\/div>\n\t\t\t\t\t<\/div>\n\t\t<\/article>\n\t\t\t\t<article class=\"elementor-post elementor-grid-item post-2415 post type-post status-publish format-standard has-post-thumbnail hentry category-articles\" role=\"listitem\">\n\t\t\t<div class=\"elementor-post__card\">\n\t\t\t\t<a class=\"elementor-post__thumbnail__link\" href=\"https:\/\/fans-guru.com\/fr_fr\/blog\/fideliser-abonnes-onlyfans\/\" tabindex=\"-1\" ><div class=\"elementor-post__thumbnail\"><img loading=\"lazy\" decoding=\"async\" width=\"300\" height=\"168\" src=\"https:\/\/fans-guru.com\/wp-content\/uploads\/2026\/03\/ext_1772737385232-300x168.webp\" class=\"attachment-medium size-medium wp-image-2417\" alt=\"\" srcset=\"https:\/\/fans-guru.com\/wp-content\/uploads\/2026\/03\/ext_1772737385232-300x168.webp 300w, https:\/\/fans-guru.com\/wp-content\/uploads\/2026\/03\/ext_1772737385232-1024x572.webp 1024w, https:\/\/fans-guru.com\/wp-content\/uploads\/2026\/03\/ext_1772737385232-768x429.webp 768w, https:\/\/fans-guru.com\/wp-content\/uploads\/2026\/03\/ext_1772737385232-18x10.webp 18w, https:\/\/fans-guru.com\/wp-content\/uploads\/2026\/03\/ext_1772737385232.webp 1200w\" sizes=\"(max-width: 300px) 100vw, 300px\" \/><\/div><\/a>\n\t\t\t\t<div class=\"elementor-post__text\">\n\t\t\t\t<h3 class=\"elementor-post__title\">\n\t\t\t<a href=\"https:\/\/fans-guru.com\/fr_fr\/blog\/fideliser-abonnes-onlyfans\/\" >\n\t\t\t\tFid\u00e9liser Abonn\u00e9s Onlyfans\t\t\t<\/a>\n\t\t<\/h3>\n\t\t\t\t<div class=\"elementor-post__excerpt\">\n\t\t\t<p>D\u00e9couvrez tout sur fid\u00e9liser abonn\u00e9s onlyfans. Guide complet avec conseils pratiques, exemples et astuces pour r\u00e9ussir.<\/p>\n\t\t<\/div>\n\t\t\n\t\t<a class=\"elementor-post__read-more\" href=\"https:\/\/fans-guru.com\/fr_fr\/blog\/fideliser-abonnes-onlyfans\/\" aria-label=\"En savoir plus sur Fid\u00e9liser Abonn\u00e9s Onlyfans\" tabindex=\"-1\" >\n\t\t\tVoir l'article \u00bb\t\t<\/a>\n\n\t\t\t\t<\/div>\n\t\t\t\t<div class=\"elementor-post__meta-data\">\n\t\t\t\t\t<span class=\"elementor-post-date\">\n\t\t\t5 mars 2026\t\t<\/span>\n\t\t\t\t<\/div>\n\t\t\t\t\t<\/div>\n\t\t<\/article>\n\t\t\t\t<article class=\"elementor-post elementor-grid-item post-2409 post type-post status-publish format-standard has-post-thumbnail hentry category-articles\" role=\"listitem\">\n\t\t\t<div class=\"elementor-post__card\">\n\t\t\t\t<a class=\"elementor-post__thumbnail__link\" href=\"https:\/\/fans-guru.com\/fr_fr\/blog\/comment-avoir-des-abonnes-onlyfans\/\" tabindex=\"-1\" ><div class=\"elementor-post__thumbnail\"><img loading=\"lazy\" decoding=\"async\" width=\"300\" height=\"168\" src=\"https:\/\/fans-guru.com\/wp-content\/uploads\/2026\/03\/ext_1772702868524-300x168.webp\" class=\"attachment-medium size-medium wp-image-2411\" alt=\"\" srcset=\"https:\/\/fans-guru.com\/wp-content\/uploads\/2026\/03\/ext_1772702868524-300x168.webp 300w, https:\/\/fans-guru.com\/wp-content\/uploads\/2026\/03\/ext_1772702868524-1024x572.webp 1024w, https:\/\/fans-guru.com\/wp-content\/uploads\/2026\/03\/ext_1772702868524-768x429.webp 768w, https:\/\/fans-guru.com\/wp-content\/uploads\/2026\/03\/ext_1772702868524-18x10.webp 18w, https:\/\/fans-guru.com\/wp-content\/uploads\/2026\/03\/ext_1772702868524.webp 1200w\" sizes=\"(max-width: 300px) 100vw, 300px\" \/><\/div><\/a>\n\t\t\t\t<div class=\"elementor-post__text\">\n\t\t\t\t<h3 class=\"elementor-post__title\">\n\t\t\t<a href=\"https:\/\/fans-guru.com\/fr_fr\/blog\/comment-avoir-des-abonnes-onlyfans\/\" >\n\t\t\t\tComment avoir des abonn\u00e9s Onlyfans ?\t\t\t<\/a>\n\t\t<\/h3>\n\t\t\t\t<div class=\"elementor-post__excerpt\">\n\t\t\t<p>D\u00e9couvrez tout sur comment avoir des abonn\u00e9s onlyfans. Guide complet avec conseils pratiques, exemples et astuces pour r\u00e9ussir.<\/p>\n\t\t<\/div>\n\t\t\n\t\t<a class=\"elementor-post__read-more\" href=\"https:\/\/fans-guru.com\/fr_fr\/blog\/comment-avoir-des-abonnes-onlyfans\/\" aria-label=\"En savoir plus sur Comment avoir des abonn\u00e9s Onlyfans ?\" tabindex=\"-1\" >\n\t\t\tVoir l'article \u00bb\t\t<\/a>\n\n\t\t\t\t<\/div>\n\t\t\t\t<div class=\"elementor-post__meta-data\">\n\t\t\t\t\t<span class=\"elementor-post-date\">\n\t\t\t5 mars 2026\t\t<\/span>\n\t\t\t\t<\/div>\n\t\t\t\t\t<\/div>\n\t\t<\/article>\n\t\t\t\t<article class=\"elementor-post elementor-grid-item post-2403 post type-post status-publish format-standard has-post-thumbnail hentry category-articles\" role=\"listitem\">\n\t\t\t<div class=\"elementor-post__card\">\n\t\t\t\t<a class=\"elementor-post__thumbnail__link\" href=\"https:\/\/fans-guru.com\/fr_fr\/blog\/onlyfans-reddit-promotion\/\" tabindex=\"-1\" ><div class=\"elementor-post__thumbnail\"><img loading=\"lazy\" decoding=\"async\" width=\"300\" height=\"168\" src=\"https:\/\/fans-guru.com\/wp-content\/uploads\/2026\/03\/ext_1772655755756-300x168.webp\" class=\"attachment-medium size-medium wp-image-2405\" alt=\"\" srcset=\"https:\/\/fans-guru.com\/wp-content\/uploads\/2026\/03\/ext_1772655755756-300x168.webp 300w, https:\/\/fans-guru.com\/wp-content\/uploads\/2026\/03\/ext_1772655755756-1024x572.webp 1024w, https:\/\/fans-guru.com\/wp-content\/uploads\/2026\/03\/ext_1772655755756-768x429.webp 768w, https:\/\/fans-guru.com\/wp-content\/uploads\/2026\/03\/ext_1772655755756-18x10.webp 18w, https:\/\/fans-guru.com\/wp-content\/uploads\/2026\/03\/ext_1772655755756.webp 1200w\" sizes=\"(max-width: 300px) 100vw, 300px\" \/><\/div><\/a>\n\t\t\t\t<div class=\"elementor-post__text\">\n\t\t\t\t<h3 class=\"elementor-post__title\">\n\t\t\t<a href=\"https:\/\/fans-guru.com\/fr_fr\/blog\/onlyfans-reddit-promotion\/\" >\n\t\t\t\tOnlyfans Reddit Promotion\t\t\t<\/a>\n\t\t<\/h3>\n\t\t\t\t<div class=\"elementor-post__excerpt\">\n\t\t\t<p>D\u00e9couvrez tout sur onlyfans reddit promotion. Guide complet avec conseils pratiques, exemples et astuces pour r\u00e9ussir.<\/p>\n\t\t<\/div>\n\t\t\n\t\t<a class=\"elementor-post__read-more\" href=\"https:\/\/fans-guru.com\/fr_fr\/blog\/onlyfans-reddit-promotion\/\" aria-label=\"En savoir plus sur Onlyfans Reddit Promotion\" tabindex=\"-1\" >\n\t\t\tVoir l'article \u00bb\t\t<\/a>\n\n\t\t\t\t<\/div>\n\t\t\t\t<div class=\"elementor-post__meta-data\">\n\t\t\t\t\t<span class=\"elementor-post-date\">\n\t\t\t5 mars 2026\t\t<\/span>\n\t\t\t\t<\/div>\n\t\t\t\t\t<\/div>\n\t\t<\/article>\n\t\t\t\t<article class=\"elementor-post elementor-grid-item post-2397 post type-post status-publish format-standard has-post-thumbnail hentry category-articles\" role=\"listitem\">\n\t\t\t<div class=\"elementor-post__card\">\n\t\t\t\t<a class=\"elementor-post__thumbnail__link\" href=\"https:\/\/fans-guru.com\/fr_fr\/blog\/applications-rencontres-promouvoir-onlyfans\/\" tabindex=\"-1\" ><div class=\"elementor-post__thumbnail\"><img loading=\"lazy\" decoding=\"async\" width=\"300\" height=\"168\" src=\"https:\/\/fans-guru.com\/wp-content\/uploads\/2026\/03\/ext_1772652814348-300x168.webp\" class=\"attachment-medium size-medium wp-image-2399\" alt=\"\" srcset=\"https:\/\/fans-guru.com\/wp-content\/uploads\/2026\/03\/ext_1772652814348-300x168.webp 300w, https:\/\/fans-guru.com\/wp-content\/uploads\/2026\/03\/ext_1772652814348-1024x572.webp 1024w, https:\/\/fans-guru.com\/wp-content\/uploads\/2026\/03\/ext_1772652814348-768x429.webp 768w, https:\/\/fans-guru.com\/wp-content\/uploads\/2026\/03\/ext_1772652814348-18x10.webp 18w, https:\/\/fans-guru.com\/wp-content\/uploads\/2026\/03\/ext_1772652814348.webp 1200w\" sizes=\"(max-width: 300px) 100vw, 300px\" \/><\/div><\/a>\n\t\t\t\t<div class=\"elementor-post__text\">\n\t\t\t\t<h3 class=\"elementor-post__title\">\n\t\t\t<a href=\"https:\/\/fans-guru.com\/fr_fr\/blog\/applications-rencontres-promouvoir-onlyfans\/\" >\n\t\t\t\tApplications Rencontres Promouvoir Onlyfans\t\t\t<\/a>\n\t\t<\/h3>\n\t\t\t\t<div class=\"elementor-post__excerpt\">\n\t\t\t<p>D\u00e9couvrez tout sur applications rencontres promouvoir onlyfans. Guide complet avec conseils pratiques, exemples et astuces pour r\u00e9ussir.<\/p>\n\t\t<\/div>\n\t\t\n\t\t<a class=\"elementor-post__read-more\" href=\"https:\/\/fans-guru.com\/fr_fr\/blog\/applications-rencontres-promouvoir-onlyfans\/\" aria-label=\"En savoir plus sur Applications Rencontres Promouvoir Onlyfans\" tabindex=\"-1\" >\n\t\t\tVoir l'article \u00bb\t\t<\/a>\n\n\t\t\t\t<\/div>\n\t\t\t\t<div class=\"elementor-post__meta-data\">\n\t\t\t\t\t<span class=\"elementor-post-date\">\n\t\t\t5 mars 2026\t\t<\/span>\n\t\t\t\t<\/div>\n\t\t\t\t\t<\/div>\n\t\t<\/article>\n\t\t\t\t<article class=\"elementor-post elementor-grid-item post-2391 post type-post status-publish format-standard has-post-thumbnail hentry category-articles\" role=\"listitem\">\n\t\t\t<div class=\"elementor-post__card\">\n\t\t\t\t<a class=\"elementor-post__thumbnail__link\" href=\"https:\/\/fans-guru.com\/fr_fr\/blog\/prix-abonnement-onlyfans-conseils\/\" tabindex=\"-1\" ><div class=\"elementor-post__thumbnail\"><img loading=\"lazy\" decoding=\"async\" width=\"300\" height=\"168\" src=\"https:\/\/fans-guru.com\/wp-content\/uploads\/2026\/03\/ext_1772634828728-300x168.webp\" class=\"attachment-medium size-medium wp-image-2393\" alt=\"\" srcset=\"https:\/\/fans-guru.com\/wp-content\/uploads\/2026\/03\/ext_1772634828728-300x168.webp 300w, https:\/\/fans-guru.com\/wp-content\/uploads\/2026\/03\/ext_1772634828728-1024x572.webp 1024w, https:\/\/fans-guru.com\/wp-content\/uploads\/2026\/03\/ext_1772634828728-768x429.webp 768w, https:\/\/fans-guru.com\/wp-content\/uploads\/2026\/03\/ext_1772634828728-18x10.webp 18w, https:\/\/fans-guru.com\/wp-content\/uploads\/2026\/03\/ext_1772634828728.webp 1200w\" sizes=\"(max-width: 300px) 100vw, 300px\" \/><\/div><\/a>\n\t\t\t\t<div class=\"elementor-post__text\">\n\t\t\t\t<h3 class=\"elementor-post__title\">\n\t\t\t<a href=\"https:\/\/fans-guru.com\/fr_fr\/blog\/prix-abonnement-onlyfans-conseils\/\" >\n\t\t\t\tPrix Abonnement Onlyfans Conseils\t\t\t<\/a>\n\t\t<\/h3>\n\t\t\t\t<div class=\"elementor-post__excerpt\">\n\t\t\t<p>D\u00e9couvrez tout sur prix abonnement onlyfans conseils. Guide complet avec conseils pratiques, exemples et astuces pour r\u00e9ussir.<\/p>\n\t\t<\/div>\n\t\t\n\t\t<a class=\"elementor-post__read-more\" href=\"https:\/\/fans-guru.com\/fr_fr\/blog\/prix-abonnement-onlyfans-conseils\/\" aria-label=\"En savoir plus sur Prix Abonnement Onlyfans Conseils\" tabindex=\"-1\" >\n\t\t\tVoir l'article \u00bb\t\t<\/a>\n\n\t\t\t\t<\/div>\n\t\t\t\t<div class=\"elementor-post__meta-data\">\n\t\t\t\t\t<span class=\"elementor-post-date\">\n\t\t\t4 mars 2026\t\t<\/span>\n\t\t\t\t<\/div>\n\t\t\t\t\t<\/div>\n\t\t<\/article>\n\t\t\t\t<article class=\"elementor-post elementor-grid-item post-2384 post type-post status-publish format-standard has-post-thumbnail hentry category-articles\" role=\"listitem\">\n\t\t\t<div class=\"elementor-post__card\">\n\t\t\t\t<a class=\"elementor-post__thumbnail__link\" href=\"https:\/\/fans-guru.com\/fr_fr\/blog\/promouvoir-son-onlyfans\/\" tabindex=\"-1\" ><div class=\"elementor-post__thumbnail\"><img loading=\"lazy\" decoding=\"async\" width=\"300\" height=\"168\" src=\"https:\/\/fans-guru.com\/wp-content\/uploads\/2026\/03\/ext_1772633945493-300x168.webp\" class=\"attachment-medium size-medium wp-image-2386\" alt=\"\" srcset=\"https:\/\/fans-guru.com\/wp-content\/uploads\/2026\/03\/ext_1772633945493-300x168.webp 300w, https:\/\/fans-guru.com\/wp-content\/uploads\/2026\/03\/ext_1772633945493-1024x572.webp 1024w, https:\/\/fans-guru.com\/wp-content\/uploads\/2026\/03\/ext_1772633945493-768x429.webp 768w, https:\/\/fans-guru.com\/wp-content\/uploads\/2026\/03\/ext_1772633945493-18x10.webp 18w, https:\/\/fans-guru.com\/wp-content\/uploads\/2026\/03\/ext_1772633945493.webp 1200w\" sizes=\"(max-width: 300px) 100vw, 300px\" \/><\/div><\/a>\n\t\t\t\t<div class=\"elementor-post__text\">\n\t\t\t\t<h3 class=\"elementor-post__title\">\n\t\t\t<a href=\"https:\/\/fans-guru.com\/fr_fr\/blog\/promouvoir-son-onlyfans\/\" >\n\t\t\t\tPromouvoir son Onlyfans\t\t\t<\/a>\n\t\t<\/h3>\n\t\t\t\t<div class=\"elementor-post__excerpt\">\n\t\t\t<p>D\u00e9couvrez tout sur promouvoir son onlyfans. Guide complet avec conseils pratiques, exemples et astuces pour r\u00e9ussir.<\/p>\n\t\t<\/div>\n\t\t\n\t\t<a class=\"elementor-post__read-more\" href=\"https:\/\/fans-guru.com\/fr_fr\/blog\/promouvoir-son-onlyfans\/\" aria-label=\"En savoir plus sur Promouvoir son Onlyfans\" tabindex=\"-1\" >\n\t\t\tVoir l'article \u00bb\t\t<\/a>\n\n\t\t\t\t<\/div>\n\t\t\t\t<div class=\"elementor-post__meta-data\">\n\t\t\t\t\t<span class=\"elementor-post-date\">\n\t\t\t4 mars 2026\t\t<\/span>\n\t\t\t\t<\/div>\n\t\t\t\t\t<\/div>\n\t\t<\/article>\n\t\t\t\t<\/div>\n\t\t\t\t\t<span class=\"e-load-more-spinner\">\n\t\t\t\t<i aria-hidden=\"true\" class=\"fas fa-spinner\"><\/i>\t\t\t<\/span>\n\t\t\n\t\t\t\t<div class=\"e-load-more-anchor\" data-page=\"1\" data-max-page=\"3\" data-next-page=\"https:\/\/fans-guru.com\/fr_fr\/wp-json\/wp\/v2\/pages\/283\/page\/2\/\"><\/div>\n\t\t\t\t<div class=\"e-load-more-message\"><\/div>\n\t\t\t\t\t\t<\/div>\n\t\t\t\t<\/div>\n\t\t\t\t\t<\/div>\n\t\t<\/div>\n\t\t\t\t\t<\/div>\n\t\t<\/section>\n\t\t\t\t<\/div>\n\t\t","protected":false},"excerpt":{"rendered":"<p>Blog : les derni\u00e8res news<\/p>\n","protected":false},"author":1,"featured_media":0,"parent":0,"menu_order":0,"comment_status":"closed","ping_status":"closed","template":"","meta":{"footnotes":""},"class_list":["post-283","page","type-page","status-publish","hentry"],"_links":{"self":[{"href":"https:\/\/fans-guru.com\/fr_fr\/wp-json\/wp\/v2\/pages\/283","targetHints":{"allow":["GET"]}}],"collection":[{"href":"https:\/\/fans-guru.com\/fr_fr\/wp-json\/wp\/v2\/pages"}],"about":[{"href":"https:\/\/fans-guru.com\/fr_fr\/wp-json\/wp\/v2\/types\/page"}],"author":[{"embeddable":true,"href":"https:\/\/fans-guru.com\/fr_fr\/wp-json\/wp\/v2\/users\/1"}],"replies":[{"embeddable":true,"href":"https:\/\/fans-guru.com\/fr_fr\/wp-json\/wp\/v2\/comments?post=283"}],"version-history":[{"count":34,"href":"https:\/\/fans-guru.com\/fr_fr\/wp-json\/wp\/v2\/pages\/283\/revisions"}],"predecessor-version":[{"id":1521,"href":"https:\/\/fans-guru.com\/fr_fr\/wp-json\/wp\/v2\/pages\/283\/revisions\/1521"}],"wp:attachment":[{"href":"https:\/\/fans-guru.com\/fr_fr\/wp-json\/wp\/v2\/media?parent=283"}],"curies":[{"name":"wp","href":"https:\/\/api.w.org\/{rel}","templated":true}]}}