{"id":3,"date":"2023-06-15T09:43:38","date_gmt":"2023-06-15T09:43:38","guid":{"rendered":"https:\/\/fans-guru.com\/?page_id=3"},"modified":"2023-07-04T14:31:17","modified_gmt":"2023-07-04T14:31:17","slug":"privacy-policy","status":"publish","type":"page","link":"https:\/\/fans-guru.com\/es\/politica-de-privacidad\/","title":{"rendered":"Pol\u00edtica de privacidad"},"content":{"rendered":"<div data-elementor-type=\"wp-page\" data-elementor-id=\"3\" class=\"elementor elementor-3\" data-elementor-post-type=\"page\">\n\t\t\t\t\t\t<section class=\"elementor-section elementor-top-section elementor-element elementor-element-6a1c0d00 elementor-section-boxed elementor-section-height-default elementor-section-height-default\" data-id=\"6a1c0d00\" data-element_type=\"section\">\n\t\t\t\t\t\t<div class=\"elementor-container elementor-column-gap-default\">\n\t\t\t\t\t<div class=\"elementor-column elementor-col-100 elementor-top-column elementor-element elementor-element-5b0712f5\" data-id=\"5b0712f5\" data-element_type=\"column\">\n\t\t\t<div class=\"elementor-widget-wrap elementor-element-populated\">\n\t\t\t\t\t\t<div class=\"elementor-element elementor-element-7e4157ba elementor-widget elementor-widget-text-editor\" data-id=\"7e4157ba\" data-element_type=\"widget\" data-widget_type=\"text-editor.default\">\n\t\t\t\t<div class=\"elementor-widget-container\">\n\t\t\t\t\t\t\t\t\t<h1>Pol\u00edtica de privacidad de Fans Guru<\/h1>\n<p>\u00daltima actualizaci\u00f3n : 04\/07\/2023<\/p>\n<p>En Fans Guru, valoramos la privacidad de nuestros usuarios. Esta pol\u00edtica de privacidad explica c\u00f3mo recopilamos, utilizamos, divulgamos y protegemos su informaci\u00f3n cuando utiliza nuestro sitio web fans-guru.com. Por favor, lea esta pol\u00edtica de privacidad cuidadosamente antes de usar nuestro sitio o proporcionarnos su informaci\u00f3n personal.<\/p>\n<h2>Recogida y uso de la informaci\u00f3n<\/h2>\n<p>Cuando visita nuestro sitio web, podemos recopilar autom\u00e1ticamente cierta informaci\u00f3n sobre usted, como su direcci\u00f3n IP, el tipo de navegador que utiliza, las p\u00e1ginas que ve y las horas de acceso. Utilizamos esta informaci\u00f3n para mejorar la calidad de nuestro sitio, comprender las tendencias de los usuarios y gestionarlo eficazmente.<\/p>\n<p>Si decide suscribirse a nuestro bolet\u00edn de noticias o a nuestros servicios, es posible que le pidamos datos personales como su nombre, direcci\u00f3n de correo electr\u00f3nico u otra informaci\u00f3n de contacto. Utilizamos esta informaci\u00f3n para enviarle actualizaciones y contenidos relevantes relacionados con nuestros servicios. Puede darse de baja de nuestras comunicaciones en cualquier momento siguiendo las instrucciones facilitadas en nuestros correos electr\u00f3nicos.<\/p>\n<h2>Divulgaci\u00f3n de informaci\u00f3n<\/h2>\n<p>No vendemos, comerciamos ni transferimos su informaci\u00f3n personal a terceros sin su consentimiento, excepto en las siguientes circunstancias limitadas:<\/p>\n<ul>\n<li>Cuando sea necesario para prestar nuestros servicios, en colaboraci\u00f3n con nuestros socios de confianza.<\/li>\n<li>Cuando estemos legalmente obligados a hacerlo, para cumplir con las leyes aplicables, \u00f3rdenes judiciales o para proteger nuestros derechos legales.<\/li>\n<\/ul>\n<h2>Protecci\u00f3n de la informaci\u00f3n<\/h2>\n<p>Tomamos las medidas de seguridad adecuadas para proteger su informaci\u00f3n personal contra el acceso, la divulgaci\u00f3n, la alteraci\u00f3n o la destrucci\u00f3n no autorizados. No obstante, tenga en cuenta que ning\u00fan m\u00e9todo de transmisi\u00f3n por Internet o de almacenamiento electr\u00f3nico es completamente seguro. En consecuencia, no podemos garantizar la seguridad absoluta de la informaci\u00f3n.<\/p>\n<h2>Enlaces a sitios de terceros<\/h2>\n<p>Nuestro sitio web puede contener enlaces a sitios de terceros. Tenga en cuenta que no tenemos ning\u00fan control sobre el contenido o las pr\u00e1cticas de privacidad de estos sitios. Le recomendamos que consulte las pol\u00edticas de privacidad de estos sitios de terceros antes de proporcionar su informaci\u00f3n personal.<\/p>\n<h2>Cambios en la pol\u00edtica de privacidad<\/h2>\n<p>Nos reservamos el derecho a modificar esta pol\u00edtica de privacidad en cualquier momento. Los cambios entrar\u00e1n en vigor inmediatamente despu\u00e9s de su publicaci\u00f3n en nuestro sitio web. Le animamos a consultar esta p\u00e1gina con regularidad para estar al corriente de cualquier cambio.<\/p>\n<p>P\u00f3ngase en contacto con nosotros<\/p>\n<p>Si tiene alguna pregunta o duda sobre nuestra pol\u00edtica de privacidad, p\u00f3ngase en contacto con nosotros en la siguiente direcci\u00f3n: contact@fans-guru.com<\/p>\t\t\t\t\t\t\t\t<\/div>\n\t\t\t\t<\/div>\n\t\t\t\t\t<\/div>\n\t\t<\/div>\n\t\t\t\t\t<\/div>\n\t\t<\/section>\n\t\t\t\t<\/div>","protected":false},"excerpt":{"rendered":"<p>Pol\u00edtica de privacidad de Fans Guru \u00daltima actualizaci\u00f3n: 04\/07\/2023 En Fans Guru, valoramos la privacidad de nuestros usuarios. Esta pol\u00edtica de privacidad explica c\u00f3mo recopilamos, utilizamos, divulgamos y protegemos su informaci\u00f3n cuando usted utiliza nuestro sitio web fans-guru.com. Por favor, lee atentamente esta pol\u00edtica de privacidad antes de [...]<\/p>","protected":false},"author":1,"featured_media":0,"parent":0,"menu_order":0,"comment_status":"closed","ping_status":"open","template":"","meta":{"footnotes":""},"class_list":["post-3","page","type-page","status-publish","hentry"],"_links":{"self":[{"href":"https:\/\/fans-guru.com\/es\/wp-json\/wp\/v2\/pages\/3","targetHints":{"allow":["GET"]}}],"collection":[{"href":"https:\/\/fans-guru.com\/es\/wp-json\/wp\/v2\/pages"}],"about":[{"href":"https:\/\/fans-guru.com\/es\/wp-json\/wp\/v2\/types\/page"}],"author":[{"embeddable":true,"href":"https:\/\/fans-guru.com\/es\/wp-json\/wp\/v2\/users\/1"}],"replies":[{"embeddable":true,"href":"https:\/\/fans-guru.com\/es\/wp-json\/wp\/v2\/comments?post=3"}],"version-history":[{"count":13,"href":"https:\/\/fans-guru.com\/es\/wp-json\/wp\/v2\/pages\/3\/revisions"}],"predecessor-version":[{"id":1535,"href":"https:\/\/fans-guru.com\/es\/wp-json\/wp\/v2\/pages\/3\/revisions\/1535"}],"wp:attachment":[{"href":"https:\/\/fans-guru.com\/es\/wp-json\/wp\/v2\/media?parent=3"}],"curies":[{"name":"wp","href":"https:\/\/api.w.org\/{rel}","templated":true}]}}