{"id":1569,"date":"2023-07-04T14:54:23","date_gmt":"2023-07-04T14:54:23","guid":{"rendered":"https:\/\/fans-guru.com\/?page_id=1569"},"modified":"2023-07-06T13:44:07","modified_gmt":"2023-07-06T13:44:07","slug":"conditions-generales-dutilisation","status":"publish","type":"page","link":"https:\/\/fans-guru.com\/es\/condiciones-generales-de-utilizacion\/","title":{"rendered":"Condiciones de uso"},"content":{"rendered":"<div data-elementor-type=\"wp-page\" data-elementor-id=\"1569\" class=\"elementor elementor-1569\" data-elementor-post-type=\"page\">\n\t\t\t\t\t\t<section class=\"elementor-section elementor-top-section elementor-element elementor-element-324e04c elementor-section-boxed elementor-section-height-default elementor-section-height-default\" data-id=\"324e04c\" data-element_type=\"section\">\n\t\t\t\t\t\t<div class=\"elementor-container elementor-column-gap-default\">\n\t\t\t\t\t<div class=\"elementor-column elementor-col-100 elementor-top-column elementor-element elementor-element-8ebef9b\" data-id=\"8ebef9b\" data-element_type=\"column\">\n\t\t\t<div class=\"elementor-widget-wrap elementor-element-populated\">\n\t\t\t\t\t\t<div class=\"elementor-element elementor-element-41ad569 elementor-widget elementor-widget-text-editor\" data-id=\"41ad569\" data-element_type=\"widget\" data-widget_type=\"text-editor.default\">\n\t\t\t\t<div class=\"elementor-widget-container\">\n\t\t\t\t\t\t\t\t\t<h1>Condiciones generales de uso de Fans Guru (CGU)<\/h1><p>\u00daltima actualizaci\u00f3n : 04\/07\/2023<\/p><p>Al utilizar el sitio web fans-guru.com, aceptas estar sujeto a estos T\u00e9rminos y Condiciones de Uso (T&amp;Cs). Por favor, lee atentamente estas CDU antes de utilizar nuestro sitio. Si no est\u00e1 de acuerdo con estos t\u00e9rminos, por favor no acceda ni utilice nuestro sitio.<\/p><ol><li><h2>Uso del sitio<\/h2><\/li><\/ol><p>a. Usted est\u00e1 autorizado a utilizar nuestro sitio web con fines personales y no comerciales, siempre que respete las presentes CGV.<\/p><p>b. Usted se compromete a no utilizar nuestro sitio de ninguna manera que pueda perjudicar su correcto funcionamiento, violar las leyes o reglamentos aplicables, o infringir los derechos de terceros.<\/p><p>c. Usted se compromete a no acceder a partes del sitio que le est\u00e9n prohibidas o para las que no disponga de autorizaci\u00f3n expresa.<\/p><ol start=\"2\"><li><h2>Contenido del usuario<\/h2><\/li><\/ol><p>a. Puede enviar contenido de usuario a nuestro sitio web, incluidos comentarios, mensajes, im\u00e1genes u otra informaci\u00f3n.<\/p><p>b. Al enviar Contenido de Usuario, concedes a TN GROUP una licencia no exclusiva, mundial, libre de regal\u00edas y transferible para utilizar, reproducir, distribuir y mostrar dicho Contenido de Usuario.<\/p><p>c. Usted acepta que el Contenido de Usuario que env\u00eda cumple todas las leyes aplicables y no infringe los derechos de terceros.<\/p><ol start=\"3\"><li><h2>Propiedad intelectual<\/h2><\/li><\/ol><p>a. Todos los derechos de propiedad intelectual de nuestro sitio web y su contenido, incluyendo pero no limitado a textos, gr\u00e1ficos, im\u00e1genes, logotipos, iconos de botones, clips de audio, descargas digitales y compilaciones de datos, son propiedad de TN GROUP o de sus proveedores de contenidos.<\/p><p>b. Usted se compromete a no utilizar, reproducir o distribuir nuestro contenido sin el permiso previo por escrito de TN GROUP.<\/p><ol start=\"4\"><li><h2>Limitaci\u00f3n de responsabilidad<\/h2><\/li><\/ol><p>a. No garantizamos la exactitud, integridad o pertinencia de la informaci\u00f3n contenida en nuestro sitio web. El uso que usted haga de nuestro sitio es por su cuenta y riesgo.<\/p><p>b. TN GROUP no ser\u00e1 responsable de ning\u00fan da\u00f1o o perjuicio derivado del uso de nuestro sitio, incluidos, entre otros, los da\u00f1os directos, indirectos, consecuentes o punitivos.<\/p><ol start=\"5\"><li><h2>Modificaci\u00f3n de la GCU<\/h2><\/li><\/ol><p>Nos reservamos el derecho a modificar estas CGV en cualquier momento, sin previo aviso. Las modificaciones entrar\u00e1n en vigor en cuanto se publiquen en nuestro sitio web. Es su responsabilidad consultar peri\u00f3dicamente las CGC para mantenerse informado de cualquier cambio.<\/p><ol start=\"6\"><li><h2>Legislaci\u00f3n y jurisdicci\u00f3n aplicables<\/h2><\/li><\/ol><p>Estas CGU se rigen por la legislaci\u00f3n vigente y cualquier litigio relativo a estas CGU se someter\u00e1 a la jurisdicci\u00f3n exclusiva de los tribunales competentes de Valence.<\/p>\t\t\t\t\t\t\t\t<\/div>\n\t\t\t\t<\/div>\n\t\t\t\t\t<\/div>\n\t\t<\/div>\n\t\t\t\t\t<\/div>\n\t\t<\/section>\n\t\t\t\t<\/div>","protected":false},"excerpt":{"rendered":"<p>Fans Guru Condiciones de Uso (CDU) \u00daltima actualizaci\u00f3n: 04\/07\/2023 Al utilizar el sitio web fans-guru.com, usted acepta que quedar\u00e1 vinculado por estas Condiciones de Uso (CDU). Por favor, lea estos t\u00e9rminos y condiciones cuidadosamente antes de usar nuestro sitio. Si no est\u00e1 de acuerdo con estos t\u00e9rminos, por favor no acceda o utilice nuestro sitio. El uso de la [...]<\/p>","protected":false},"author":1,"featured_media":0,"parent":0,"menu_order":0,"comment_status":"closed","ping_status":"closed","template":"","meta":{"footnotes":""},"class_list":["post-1569","page","type-page","status-publish","hentry"],"_links":{"self":[{"href":"https:\/\/fans-guru.com\/es\/wp-json\/wp\/v2\/pages\/1569","targetHints":{"allow":["GET"]}}],"collection":[{"href":"https:\/\/fans-guru.com\/es\/wp-json\/wp\/v2\/pages"}],"about":[{"href":"https:\/\/fans-guru.com\/es\/wp-json\/wp\/v2\/types\/page"}],"author":[{"embeddable":true,"href":"https:\/\/fans-guru.com\/es\/wp-json\/wp\/v2\/users\/1"}],"replies":[{"embeddable":true,"href":"https:\/\/fans-guru.com\/es\/wp-json\/wp\/v2\/comments?post=1569"}],"version-history":[{"count":7,"href":"https:\/\/fans-guru.com\/es\/wp-json\/wp\/v2\/pages\/1569\/revisions"}],"predecessor-version":[{"id":1678,"href":"https:\/\/fans-guru.com\/es\/wp-json\/wp\/v2\/pages\/1569\/revisions\/1678"}],"wp:attachment":[{"href":"https:\/\/fans-guru.com\/es\/wp-json\/wp\/v2\/media?parent=1569"}],"curies":[{"name":"wp","href":"https:\/\/api.w.org\/{rel}","templated":true}]}}