{"id":1538,"date":"2023-07-04T14:39:27","date_gmt":"2023-07-04T14:39:27","guid":{"rendered":"https:\/\/fans-guru.com\/?page_id=1538"},"modified":"2023-07-04T14:53:00","modified_gmt":"2023-07-04T14:53:00","slug":"mentions-legales","status":"publish","type":"page","link":"https:\/\/fans-guru.com\/es\/nota-maxima\/","title":{"rendered":"Informaci\u00f3n jur\u00eddica"},"content":{"rendered":"<div data-elementor-type=\"wp-page\" data-elementor-id=\"1538\" class=\"elementor elementor-1538\" data-elementor-post-type=\"page\">\n\t\t\t\t\t\t<section class=\"elementor-section elementor-top-section elementor-element elementor-element-a47c389 elementor-section-boxed elementor-section-height-default elementor-section-height-default\" data-id=\"a47c389\" data-element_type=\"section\">\n\t\t\t\t\t\t<div class=\"elementor-container elementor-column-gap-default\">\n\t\t\t\t\t<div class=\"elementor-column elementor-col-100 elementor-top-column elementor-element elementor-element-4de4038\" data-id=\"4de4038\" data-element_type=\"column\">\n\t\t\t<div class=\"elementor-widget-wrap elementor-element-populated\">\n\t\t\t\t\t\t<div class=\"elementor-element elementor-element-2485a54 elementor-widget elementor-widget-text-editor\" data-id=\"2485a54\" data-element_type=\"widget\" data-widget_type=\"text-editor.default\">\n\t\t\t\t<div class=\"elementor-widget-container\">\n\t\t\t\t\t\t\t\t\t<h1>Informaci\u00f3n jur\u00eddica<\/h1><p>El sitio fans-guru.com es publicado por :<\/p><p>Nombre de la empresa: TN GROUP<br \/>Forma jur\u00eddica: SASU, sociedad por acciones unipersonal simplificada<br \/>Direcci\u00f3n: 6 RUE D ARMAILLE 75017 PARIS 17<\/p><p>Direcci\u00f3n de correo electr\u00f3nico: contact@fans-guru.fr<\/p><p>SIRET: 952 976 603 00011<\/p><h2>Director de publicaci\u00f3n :<\/h2><p>Sr. BEUCHER<\/p><p>Alojamiento: 02switch Direcci\u00f3n: Chem. des Pardiaux, 63000 Clermont-Ferrand Tel\u00e9fono: 04 44 44 60 40<\/p><h2>Propiedad intelectual :<\/h2><p>Todo el contenido incluido en fans-guru.com, incluyendo pero no limitado a texto, gr\u00e1ficos, im\u00e1genes, logotipos, iconos de botones, clips de audio, descargas digitales y compilaciones de datos, es propiedad de TN GROUP o de sus proveedores de contenidos y est\u00e1 protegido por las leyes de propiedad intelectual. Cualquier uso no autorizado de dicho contenido est\u00e1 estrictamente prohibido sin el consentimiento previo por escrito de TN GROUP.<\/p><h2>Responsabilidad :<\/h2><p>Aunque nos esforzamos por proporcionar informaci\u00f3n precisa en el sitio fans-guru.com, no podemos garantizar la exactitud, integridad o pertinencia de la informaci\u00f3n proporcionada. En consecuencia, TN GROUP declina toda responsabilidad por cualquier error u omisi\u00f3n en la informaci\u00f3n del sitio.<\/p><h2>Enlaces externos :<\/h2><p>El sitio web fans-guru.com puede contener enlaces a sitios web externos que se proporcionan \u00fanicamente para su conveniencia. [Nombre de la empresa] no tiene control sobre el contenido o las pr\u00e1cticas de privacidad de estos sitios de terceros y declina toda responsabilidad al respecto.<\/p><h2>Datos personales:<\/h2><p>Para m\u00e1s informaci\u00f3n sobre la recogida y uso de datos personales, consulte nuestra pol\u00edtica de privacidad.<\/p><p>Ley aplicable y jurisdicci\u00f3n :<\/p><p>El presente aviso legal se rige por la legislaci\u00f3n vigente y cualquier litigio relativo al mismo se someter\u00e1 a la jurisdicci\u00f3n exclusiva de los tribunales competentes de Valence.<\/p>\t\t\t\t\t\t\t\t<\/div>\n\t\t\t\t<\/div>\n\t\t\t\t\t<\/div>\n\t\t<\/div>\n\t\t\t\t\t<\/div>\n\t\t<\/section>\n\t\t\t\t<\/div>","protected":false},"excerpt":{"rendered":"<p>Informaci\u00f3n legal El sitio fans-guru.com es publicado por : Raz\u00f3n social: TN GROUPForma jur\u00eddica: SASU, soci\u00e9t\u00e9 par actions simplifi\u00e9e unipersonnelleDirecci\u00f3n: 6 RUE D ARMAILLE 75017 PARIS 17 Correo electr\u00f3nico: contact@fans-guru.fr SIRET: 952 976 603 00011 Director de la publicaci\u00f3n: Sr. BEUCHER Alojamiento: 02switch Direcci\u00f3n: Chem. des [...]<\/p>","protected":false},"author":1,"featured_media":0,"parent":0,"menu_order":0,"comment_status":"closed","ping_status":"closed","template":"","meta":{"footnotes":""},"class_list":["post-1538","page","type-page","status-publish","hentry"],"_links":{"self":[{"href":"https:\/\/fans-guru.com\/es\/wp-json\/wp\/v2\/pages\/1538","targetHints":{"allow":["GET"]}}],"collection":[{"href":"https:\/\/fans-guru.com\/es\/wp-json\/wp\/v2\/pages"}],"about":[{"href":"https:\/\/fans-guru.com\/es\/wp-json\/wp\/v2\/types\/page"}],"author":[{"embeddable":true,"href":"https:\/\/fans-guru.com\/es\/wp-json\/wp\/v2\/users\/1"}],"replies":[{"embeddable":true,"href":"https:\/\/fans-guru.com\/es\/wp-json\/wp\/v2\/comments?post=1538"}],"version-history":[{"count":25,"href":"https:\/\/fans-guru.com\/es\/wp-json\/wp\/v2\/pages\/1538\/revisions"}],"predecessor-version":[{"id":1564,"href":"https:\/\/fans-guru.com\/es\/wp-json\/wp\/v2\/pages\/1538\/revisions\/1564"}],"wp:attachment":[{"href":"https:\/\/fans-guru.com\/es\/wp-json\/wp\/v2\/media?parent=1538"}],"curies":[{"name":"wp","href":"https:\/\/api.w.org\/{rel}","templated":true}]}}